{"id":82,"date":"2018-12-09T22:52:12","date_gmt":"2018-12-09T21:52:12","guid":{"rendered":"https:\/\/www.howlingmadhusky.com\/?page_id=82"},"modified":"2023-01-16T13:09:31","modified_gmt":"2023-01-16T12:09:31","slug":"blog","status":"publish","type":"page","link":"https:\/\/howlingmadhusky.com\/blog\/?page_id=82","title":{"rendered":"Howl I am&#8230;."},"content":{"rendered":"<div class=\"wp-block-image\">\n<figure class=\"aligncenter size-full\"><img loading=\"lazy\" decoding=\"async\" width=\"960\" height=\"720\" src=\"https:\/\/howlingmadhusky.com\/blog\/wp-content\/uploads\/2018\/12\/Yuki_Sofa.jpg\" alt=\"\" class=\"wp-image-13\" srcset=\"https:\/\/howlingmadhusky.com\/blog\/wp-content\/uploads\/2018\/12\/Yuki_Sofa.jpg 960w, https:\/\/howlingmadhusky.com\/blog\/wp-content\/uploads\/2018\/12\/Yuki_Sofa-300x225.jpg 300w, https:\/\/howlingmadhusky.com\/blog\/wp-content\/uploads\/2018\/12\/Yuki_Sofa-768x576.jpg 768w\" sizes=\"auto, (max-width: 960px) 100vw, 960px\" \/><\/figure>\n<\/div>\n\n\n<p>Hallo,<\/p>\n\n\n\n<p>Ich denke ich wurde am 01.02.2018 geboren, so genau wei\u00df man das nicht, ich wurde ja ca. 8 Wochen sp\u00e4ter in einem Geb\u00fcsch gefunden.<br>Mein Herrchen hat dann die Anzeige des Tierquartiers gesehen und sich sofort in mich verliebt.<\/p>\n\n\n\n<div class=\"wp-block-media-text alignwide is-stacked-on-mobile\"><figure class=\"wp-block-media-text__media\"><img loading=\"lazy\" decoding=\"async\" width=\"2048\" height=\"1536\" src=\"https:\/\/howlingmadhusky.com\/blog\/blog\/wp-content\/uploads\/2018\/12\/Yuki_erster_Tag_daheim.jpg\" alt=\"\" class=\"wp-image-8 size-full\" srcset=\"https:\/\/howlingmadhusky.com\/blog\/wp-content\/uploads\/2018\/12\/Yuki_erster_Tag_daheim.jpg 2048w, https:\/\/howlingmadhusky.com\/blog\/wp-content\/uploads\/2018\/12\/Yuki_erster_Tag_daheim-300x225.jpg 300w, https:\/\/howlingmadhusky.com\/blog\/wp-content\/uploads\/2018\/12\/Yuki_erster_Tag_daheim-1024x768.jpg 1024w, https:\/\/howlingmadhusky.com\/blog\/wp-content\/uploads\/2018\/12\/Yuki_erster_Tag_daheim-768x576.jpg 768w, https:\/\/howlingmadhusky.com\/blog\/wp-content\/uploads\/2018\/12\/Yuki_erster_Tag_daheim-1536x1152.jpg 1536w\" sizes=\"auto, (max-width: 2048px) 100vw, 2048px\" \/><\/figure><div class=\"wp-block-media-text__content\">\n<p class=\"has-large-font-size\">Yuki<\/p>\n<\/div><\/div>\n\n\n\n<p><\/p>\n\n\n\n<p>Eine Woche sp\u00e4ter durfte ich auch schon mit ihm mitkommen.<br>Wir sind seitdem unzertrennlich und verbringen jede freie Minute miteinander.<\/p>\n\n\n\n<figure class=\"wp-block-image size-full\"><img loading=\"lazy\" decoding=\"async\" width=\"2048\" height=\"1536\" src=\"http:\/\/howlingmadhusky.com\/blog\/wp-content\/uploads\/2018\/12\/Yuki_erster_Tag_daheim.jpg\" alt=\"\" class=\"wp-image-8\" srcset=\"https:\/\/howlingmadhusky.com\/blog\/wp-content\/uploads\/2018\/12\/Yuki_erster_Tag_daheim.jpg 2048w, https:\/\/howlingmadhusky.com\/blog\/wp-content\/uploads\/2018\/12\/Yuki_erster_Tag_daheim-300x225.jpg 300w, https:\/\/howlingmadhusky.com\/blog\/wp-content\/uploads\/2018\/12\/Yuki_erster_Tag_daheim-1024x768.jpg 1024w, https:\/\/howlingmadhusky.com\/blog\/wp-content\/uploads\/2018\/12\/Yuki_erster_Tag_daheim-768x576.jpg 768w, https:\/\/howlingmadhusky.com\/blog\/wp-content\/uploads\/2018\/12\/Yuki_erster_Tag_daheim-1536x1152.jpg 1536w\" sizes=\"auto, (max-width: 2048px) 100vw, 2048px\" \/><\/figure>\n","protected":false},"excerpt":{"rendered":"<p>Hallo, Ich denke ich wurde am 01.02.2018 geboren, so genau wei\u00df man das nicht, ich wurde ja ca. 8 Wochen sp\u00e4ter in einem Geb\u00fcsch gefunden.Mein Herrchen hat dann die Anzeige des Tierquartiers gesehen und sich sofort in mich verliebt. Yuki Eine Woche sp\u00e4ter durfte ich auch schon mit ihm mitkommen.Wir sind seitdem unzertrennlich und verbringen<span class=\"post-excerpt-end\">&hellip;<\/span><\/p>\n<p class=\"more-link\"><a href=\"https:\/\/howlingmadhusky.com\/blog\/?page_id=82\" class=\"themebutton\">Read More<\/a><\/p>\n","protected":false},"author":1,"featured_media":13,"parent":0,"menu_order":0,"comment_status":"closed","ping_status":"closed","template":"","meta":{"footnotes":""},"class_list":["post-82","page","type-page","status-publish","has-post-thumbnail","hentry"],"_links":{"self":[{"href":"https:\/\/howlingmadhusky.com\/blog\/index.php?rest_route=\/wp\/v2\/pages\/82","targetHints":{"allow":["GET"]}}],"collection":[{"href":"https:\/\/howlingmadhusky.com\/blog\/index.php?rest_route=\/wp\/v2\/pages"}],"about":[{"href":"https:\/\/howlingmadhusky.com\/blog\/index.php?rest_route=\/wp\/v2\/types\/page"}],"author":[{"embeddable":true,"href":"https:\/\/howlingmadhusky.com\/blog\/index.php?rest_route=\/wp\/v2\/users\/1"}],"replies":[{"embeddable":true,"href":"https:\/\/howlingmadhusky.com\/blog\/index.php?rest_route=%2Fwp%2Fv2%2Fcomments&post=82"}],"version-history":[{"count":7,"href":"https:\/\/howlingmadhusky.com\/blog\/index.php?rest_route=\/wp\/v2\/pages\/82\/revisions"}],"predecessor-version":[{"id":456,"href":"https:\/\/howlingmadhusky.com\/blog\/index.php?rest_route=\/wp\/v2\/pages\/82\/revisions\/456"}],"wp:featuredmedia":[{"embeddable":true,"href":"https:\/\/howlingmadhusky.com\/blog\/index.php?rest_route=\/wp\/v2\/media\/13"}],"wp:attachment":[{"href":"https:\/\/howlingmadhusky.com\/blog\/index.php?rest_route=%2Fwp%2Fv2%2Fmedia&parent=82"}],"curies":[{"name":"wp","href":"https:\/\/api.w.org\/{rel}","templated":true}]}}